{"id":376,"date":"2021-02-25T16:57:08","date_gmt":"2021-02-25T15:57:08","guid":{"rendered":"http:\/\/herrernesmadklub.com\/?page_id=376"},"modified":"2022-03-06T09:13:07","modified_gmt":"2022-03-06T08:13:07","slug":"andet","status":"publish","type":"page","link":"http:\/\/herrernesmadklub.com\/index.php\/andet\/","title":{"rendered":"Vedt\u00e6gter"},"content":{"rendered":"\n<p><strong>VEDT\u00c6GTER HERRERNES MADKLUB<\/strong>&nbsp;<\/p>\n\n\n\n<p><strong>Form\u00e5l&nbsp;<\/strong>&nbsp;<\/p>\n\n\n\n<p>Foreningens form\u00e5l er f\u00e6lles madlavning med efterf\u00f8lgende spisning og socialt samv\u00e6r.&nbsp;<\/p>\n\n\n\n<p><strong>Medlemmer<\/strong>&nbsp;<\/p>\n\n\n\n<p>I foreningen kan der optages glade m\u00e6nd der er glad for mad.&nbsp;<\/p>\n\n\n\n<p>Foreningen best\u00e5r af 10 m\u00e6nd og kan \u00f8ges efter behov.&nbsp;<\/p>\n\n\n\n<p>Indmeldelsesgebyr 100,- kr. der d\u00e6kker udgiften til forkl\u00e6de.&nbsp;<\/p>\n\n\n\n<p>Medlemskontingentet fasts\u00e6ttes af bestyrelsen.&nbsp;<\/p>\n\n\n\n<p><strong>Aktiviteter<\/strong>&nbsp;<\/p>\n\n\n\n<p>Foreningens aktiviteter foreg\u00e5r Mindefonden Jernbanegade 3, f\u00f8rste sal. I Vamdrup.&nbsp;<\/p>\n\n\n\n<p>Foreningens medlemmer samles hver onsdag fr kl. 10:00 til 13:00 til f\u00e6lles madlavning og spisning.&nbsp;<\/p>\n\n\n\n<p>Madplan udarbejdes efter medlemmernes \u00f8nske.&nbsp;<\/p>\n\n\n\n<p>Indk\u00f8b foretages foretages af formanden eller efter denne anvisninger.&nbsp;<\/p>\n\n\n\n<p>Registrering af m\u00f8dedeltagere og opkr\u00e6vning af bel\u00f8b til k\u00f8b foretages af kassereren p\u00e5 m\u00f8dedagen.&nbsp;<\/p>\n\n\n\n<p>Afbud til formanden, senest senest tirsdag inden ugens m\u00f8de.&nbsp;<\/p>\n\n\n\n<p><strong>\u00d8konomi<\/strong>&nbsp;<\/p>\n\n\n\n<p>Foreningens indt\u00e6gter skal d\u00e6kke omkostningerne til indk\u00f8b af drikke og f\u00f8devarer, aktiviteter og evt. udstyr til klubben.&nbsp;<\/p>\n\n\n\n<p>Foreningens udgifter skal \u00f8konomisk hvile i sig selv.&nbsp;<\/p>\n\n\n\n<p><strong>Ledelse&nbsp;&nbsp;<\/strong>&nbsp;<\/p>\n\n\n\n<p>Foreningen tegnes af formanden og klubbens officielle adresse er formandens privatadresse.&nbsp;<\/p>\n\n\n\n<p>Klubbens bestyrelse best\u00e5r af formand, kasserer, sekret\u00e6r og revisor.&nbsp;<\/p>\n\n\n\n<p><strong>Generalforsamling<\/strong>&nbsp;<\/p>\n\n\n\n<p>Herrernes Madklub afholder generalforsamling hvert \u00e5r, den anden onsdag i marts.&nbsp;<\/p>\n\n\n\n<p>Generalforsamlingen bekendtg\u00f8res senest p\u00e5 2 m\u00f8dedage umiddelbart inden afholdelse.&nbsp;<\/p>\n\n\n\n<p>Forslag til behandling p\u00e5 generalforsamlingen skal v\u00e6re formanden i h\u00e6nde senest en uge inden generalforsamlingen.&nbsp;<\/p>\n\n\n\n<p>Generalforsamlingen er beslutningsdygtig, n\u00e5r mindst halvdelen af foreningens medlemmer er tilstede.&nbsp;<\/p>\n\n\n\n<p><strong>Dagsorden for Generalforsamlingen<\/strong>&nbsp;<\/p>\n\n\n\n<ol class=\"wp-block-list\"><li>Valg af dirigent.&nbsp;<\/li><\/ol>\n\n\n\n<ol class=\"wp-block-list\" start=\"2\"><li>Formandens beretning.&nbsp;<\/li><\/ol>\n\n\n\n<ol class=\"wp-block-list\" start=\"3\"><li>Gennemgang og godkendelse af det reviderede regnskab.&nbsp;<\/li><\/ol>\n\n\n\n<ol class=\"wp-block-list\" start=\"4\"><li>Valg til bestyrelse.&nbsp;<\/li><\/ol>\n\n\n\n<ol class=\"wp-block-list\" start=\"5\"><li>Valg af suppleant.&nbsp;<\/li><\/ol>\n\n\n\n<ol class=\"wp-block-list\" start=\"6\"><li>Indkomne forslag.&nbsp;<\/li><\/ol>\n\n\n\n<ol class=\"wp-block-list\" start=\"7\"><li>Eventuelt.&nbsp;<\/li><\/ol>\n\n\n\n<p>&nbsp;Bestyrelsen konstituerer sig umiddelbart efter generalforsamlingen.&nbsp;<\/p>\n\n\n\n<p><strong>\u00c6ndringer af vedt\u00e6gter<\/strong>&nbsp;<\/p>\n\n\n\n<p>\u00c6ndringer skal godkendes p\u00e5 2 generalforsamlinger, med minimums 8 dages mellemrum.&nbsp;<\/p>\n\n\n\n<p><strong>Oph\u00f8r<\/strong>&nbsp;<\/p>\n\n\n\n<p>Foreningens oph\u00f8r kan besluttes med simpelt flertal blandt klubbens medlemmer p\u00e5 2 af hinanden f\u00f8lgende generalforsamlinger, afholdt med 1 m\u00e5neds mellemrum.&nbsp;<\/p>\n\n\n\n<p>Eventuel overskud g\u00e5r til Kongeaamuseet, Jernbanegade 7, Vamdrup.&nbsp;<\/p>\n\n\n\n<p>Vedtaget d.&nbsp; 8\/12&nbsp;&nbsp;&nbsp; 2021&nbsp;<\/p>\n","protected":false},"excerpt":{"rendered":"<p>VEDT\u00c6GTER HERRERNES MADKLUB&nbsp; Form\u00e5l&nbsp;&nbsp; Foreningens form\u00e5l er f\u00e6lles madlavning med efterf\u00f8lgende spisning og socialt samv\u00e6r.&nbsp; Medlemmer&nbsp; I foreningen kan der optages glade m\u00e6nd der er [&hellip;]<\/p>\n","protected":false},"author":1,"featured_media":0,"parent":0,"menu_order":0,"comment_status":"closed","ping_status":"closed","template":"","meta":{"footnotes":""},"class_list":["post-376","page","type-page","status-publish","hentry"],"_links":{"self":[{"href":"http:\/\/herrernesmadklub.com\/index.php\/wp-json\/wp\/v2\/pages\/376","targetHints":{"allow":["GET"]}}],"collection":[{"href":"http:\/\/herrernesmadklub.com\/index.php\/wp-json\/wp\/v2\/pages"}],"about":[{"href":"http:\/\/herrernesmadklub.com\/index.php\/wp-json\/wp\/v2\/types\/page"}],"author":[{"embeddable":true,"href":"http:\/\/herrernesmadklub.com\/index.php\/wp-json\/wp\/v2\/users\/1"}],"replies":[{"embeddable":true,"href":"http:\/\/herrernesmadklub.com\/index.php\/wp-json\/wp\/v2\/comments?post=376"}],"version-history":[{"count":6,"href":"http:\/\/herrernesmadklub.com\/index.php\/wp-json\/wp\/v2\/pages\/376\/revisions"}],"predecessor-version":[{"id":954,"href":"http:\/\/herrernesmadklub.com\/index.php\/wp-json\/wp\/v2\/pages\/376\/revisions\/954"}],"wp:attachment":[{"href":"http:\/\/herrernesmadklub.com\/index.php\/wp-json\/wp\/v2\/media?parent=376"}],"curies":[{"name":"wp","href":"https:\/\/api.w.org\/{rel}","templated":true}]}}